{"id":2015,"date":"2023-03-30T11:29:14","date_gmt":"2023-03-30T10:29:14","guid":{"rendered":"https:\/\/www.jakobfuhr.com\/?page_id=2015"},"modified":"2023-05-26T14:16:58","modified_gmt":"2023-05-26T13:16:58","slug":"impressum-legal-notice","status":"publish","type":"page","link":"https:\/\/www.jakobfuhr.com\/?page_id=2015","title":{"rendered":"Impressum &#8211; Legal Notice"},"content":{"rendered":"<p><strong>Disclosures in accordance with \u00a7 5 TMG:<\/strong><br \/>\nAngaben gem\u00e4\u00df \u00a7 5 TMG:<\/p>\n<p>Jakob Fuhr<br \/>\nKameramann &amp; Videoeditor<br \/>\nZum Eschensiefen 5<br \/>\n53783 Eitorf<\/p>\n<p><strong>Contact:<\/strong><br \/>\nPhone: +49 15156092293<br \/>\nMail: <a href=\"mailto:mail@jakobfuhr.com\">mail@jakobfuhr.com<\/a><br \/>\nWeb: <a href=\"https:\/\/www.jakobfuhr.com\">www.jakobfuhr.com<\/a><\/p>\n<p><strong>VAT ID number in accordance with \u00a7 27a UStG:<\/strong><br \/>\nUmsatzsteuer-Identifikationsnummer nach \u00a7 27a UStG:<br \/>\nDE357879493<\/p>\n<p><strong>Responsible for this content in accordance with \u00a7 55 (2) RStV:<\/strong><br \/>\nVerantwortlich f\u00fcr den Inhalt gem\u00e4\u00df \u00a7 55 Abs. 2 RStV:<br \/>\nJakob Fuhr, Zum Eschensiefen 5, 53783 Eitorf<\/p>\n<p><strong>Professional liability insurance information:<\/strong><br \/>\nAngaben zur Berufshaftpflichtversicherung:<br \/>\nName and location of insurer \/ Name und Sitz des Versicherers: Allianz Versicherungs-AG, 10900 Berlin<br \/>\nArea of validity of insurance \/ Geltungsraum der Versicherung: worldwide \/ weltweit<\/p>\n<p><strong>Online Dispute Resolution website of the EU Commission<\/strong><br \/>\nIn order for consumers and traders to resolve a dispute out-of-court, the European Commission developed the Online Dispute Resolution Website: <a href=\"http:\/\/www.ec.europa.eu\/consumers\/odr\" target=\"_blank\" rel=\"noopener\">www.ec.europa.eu\/consumers\/odr<\/a><\/p>\n<p><strong>Legal disclaimer<\/strong><br \/>\nThe contents of these pages were prepared with utmost care. Nonetheless, we cannot assume liability for the timeless accuracy and completeness of the information. Our website contains links to external websites. As the contents of these third-party websites are beyond our control, we cannot accept liability for them. Responsibility for the contents of the linked pages is always held by the provider or operator of the pages.<\/p>\n","protected":false},"excerpt":{"rendered":"<p>Disclosures in accordance with \u00a7 5 TMG: Angaben gem\u00e4\u00df \u00a7 5 TMG: Jakob Fuhr Kameramann &amp; Videoeditor Zum Eschensiefen 5 53783 Eitorf Contact: Phone: +49 15156092293 Mail: mail@jakobfuhr.com Web: www.jakobfuhr.com VAT ID number in accordance with \u00a7 27a UStG: Umsatzsteuer-Identifikationsnummer nach \u00a7 27a UStG: DE357879493 Responsible for this content in &hellip;<\/p>\n<div class=\"wrap-excerpt-more\"><a class=\"excerpt-more\" href=\"https:\/\/www.jakobfuhr.com\/?page_id=2015\">view more examples<\/a><\/div>\n","protected":false},"author":1,"featured_media":0,"parent":0,"menu_order":0,"comment_status":"closed","ping_status":"closed","template":"template-full-width-sidebar.php","meta":{"_acf_changed":false,"footnotes":""},"class_list":["post-2015","page","type-page","status-publish","hentry","post--no-featured-image"],"acf":[],"_links":{"self":[{"href":"https:\/\/www.jakobfuhr.com\/index.php?rest_route=\/wp\/v2\/pages\/2015","targetHints":{"allow":["GET"]}}],"collection":[{"href":"https:\/\/www.jakobfuhr.com\/index.php?rest_route=\/wp\/v2\/pages"}],"about":[{"href":"https:\/\/www.jakobfuhr.com\/index.php?rest_route=\/wp\/v2\/types\/page"}],"author":[{"embeddable":true,"href":"https:\/\/www.jakobfuhr.com\/index.php?rest_route=\/wp\/v2\/users\/1"}],"replies":[{"embeddable":true,"href":"https:\/\/www.jakobfuhr.com\/index.php?rest_route=%2Fwp%2Fv2%2Fcomments&post=2015"}],"version-history":[{"count":8,"href":"https:\/\/www.jakobfuhr.com\/index.php?rest_route=\/wp\/v2\/pages\/2015\/revisions"}],"predecessor-version":[{"id":2144,"href":"https:\/\/www.jakobfuhr.com\/index.php?rest_route=\/wp\/v2\/pages\/2015\/revisions\/2144"}],"wp:attachment":[{"href":"https:\/\/www.jakobfuhr.com\/index.php?rest_route=%2Fwp%2Fv2%2Fmedia&parent=2015"}],"curies":[{"name":"wp","href":"https:\/\/api.w.org\/{rel}","templated":true}]}}